{"id":762,"date":"2022-12-29T16:55:13","date_gmt":"2022-12-29T15:55:13","guid":{"rendered":"https:\/\/www.mtmesto.sk\/?page_id=762"},"modified":"2022-12-29T16:55:13","modified_gmt":"2022-12-29T15:55:13","slug":"letny-detsky-tabor-donovaly-2022","status":"publish","type":"page","link":"https:\/\/www.mtmesto.sk\/?page_id=762","title":{"rendered":"Letn\u00fd detsk\u00fd t\u00e1bor Donovaly 2022"},"content":{"rendered":"<div class=\"foogallery foogallery-container foogallery-default foogallery-lightbox-foobox fg-gutter-10 fg-center fg-default fg-light fg-border-thin fg-shadow-outline fg-loading-default fg-loaded-fade-in fg-caption-hover fg-hover-fade fg-hover-zoom fg-ready\" id=\"foogallery-gallery-729\" data-foogallery=\"{&quot;item&quot;:{&quot;showCaptionTitle&quot;:true,&quot;showCaptionDescription&quot;:true},&quot;lazy&quot;:true}\" >\r\n\t<div class=\"fg-item fg-type-image fg-idle\"><figure class=\"fg-item-inner\"><a href=\"https:\/\/www.mtmesto.sk\/wp-content\/uploads\/2022\/12\/IMG-2607.jpg\" data-attachment-id=\"730\" class=\"fg-thumb\"><span class=\"fg-image-wrap\"><img loading=\"lazy\" width=\"150\" height=\"150\" class=\"skip-lazy fg-image\" data-src-fg=\"https:\/\/www.mtmesto.sk\/wp-content\/uploads\/cache\/2022\/12\/IMG-2607\/1450929566.jpg\" src=\"data:image\/svg+xml,%3Csvg%20xmlns%3D%22http%3A%2F%2Fwww.w3.org%2F2000%2Fsvg%22%20width%3D%22150%22%20height%3D%22150%22%20viewBox%3D%220%200%20150%20150%22%3E%3C%2Fsvg%3E\" \/><\/span><span class=\"fg-image-overlay\"><\/span><\/a><figcaption class=\"fg-caption\"><div class=\"fg-caption-inner\"><\/div><\/figcaption><\/figure><div class=\"fg-loader\"><\/div><\/div><div class=\"fg-item fg-type-image fg-idle\"><figure class=\"fg-item-inner\"><a href=\"https:\/\/www.mtmesto.sk\/wp-content\/uploads\/2022\/12\/IMG-2609.jpg\" data-attachment-id=\"731\" class=\"fg-thumb\"><span class=\"fg-image-wrap\"><img loading=\"lazy\" width=\"150\" height=\"150\" class=\"skip-lazy fg-image\" data-src-fg=\"https:\/\/www.mtmesto.sk\/wp-content\/uploads\/cache\/2022\/12\/IMG-2609\/2838454204.jpg\" src=\"data:image\/svg+xml,%3Csvg%20xmlns%3D%22http%3A%2F%2Fwww.w3.org%2F2000%2Fsvg%22%20width%3D%22150%22%20height%3D%22150%22%20viewBox%3D%220%200%20150%20150%22%3E%3C%2Fsvg%3E\" \/><\/span><span class=\"fg-image-overlay\"><\/span><\/a><figcaption class=\"fg-caption\"><div class=\"fg-caption-inner\"><\/div><\/figcaption><\/figure><div class=\"fg-loader\"><\/div><\/div><div class=\"fg-item fg-type-image fg-idle\"><figure class=\"fg-item-inner\"><a href=\"https:\/\/www.mtmesto.sk\/wp-content\/uploads\/2022\/12\/IMG-2610.jpg\" data-attachment-id=\"732\" class=\"fg-thumb\"><span class=\"fg-image-wrap\"><img loading=\"lazy\" width=\"150\" height=\"150\" class=\"skip-lazy fg-image\" data-src-fg=\"https:\/\/www.mtmesto.sk\/wp-content\/uploads\/cache\/2022\/12\/IMG-2610\/1158166181.jpg\" src=\"data:image\/svg+xml,%3Csvg%20xmlns%3D%22http%3A%2F%2Fwww.w3.org%2F2000%2Fsvg%22%20width%3D%22150%22%20height%3D%22150%22%20viewBox%3D%220%200%20150%20150%22%3E%3C%2Fsvg%3E\" \/><\/span><span class=\"fg-image-overlay\"><\/span><\/a><figcaption class=\"fg-caption\"><div class=\"fg-caption-inner\"><\/div><\/figcaption><\/figure><div class=\"fg-loader\"><\/div><\/div><div class=\"fg-item fg-type-image fg-idle\"><figure class=\"fg-item-inner\"><a href=\"https:\/\/www.mtmesto.sk\/wp-content\/uploads\/2022\/12\/IMG-2612.jpg\" data-attachment-id=\"733\" class=\"fg-thumb\"><span class=\"fg-image-wrap\"><img loading=\"lazy\" width=\"150\" height=\"150\" class=\"skip-lazy fg-image\" data-src-fg=\"https:\/\/www.mtmesto.sk\/wp-content\/uploads\/cache\/2022\/12\/IMG-2612\/3992129992.jpg\" src=\"data:image\/svg+xml,%3Csvg%20xmlns%3D%22http%3A%2F%2Fwww.w3.org%2F2000%2Fsvg%22%20width%3D%22150%22%20height%3D%22150%22%20viewBox%3D%220%200%20150%20150%22%3E%3C%2Fsvg%3E\" \/><\/span><span class=\"fg-image-overlay\"><\/span><\/a><figcaption class=\"fg-caption\"><div class=\"fg-caption-inner\"><\/div><\/figcaption><\/figure><div class=\"fg-loader\"><\/div><\/div><div class=\"fg-item fg-type-image fg-idle\"><figure class=\"fg-item-inner\"><a href=\"https:\/\/www.mtmesto.sk\/wp-content\/uploads\/2022\/12\/IMG-2624.jpg\" data-attachment-id=\"734\" class=\"fg-thumb\"><span class=\"fg-image-wrap\"><img loading=\"lazy\" width=\"150\" height=\"150\" class=\"skip-lazy fg-image\" data-src-fg=\"https:\/\/www.mtmesto.sk\/wp-content\/uploads\/cache\/2022\/12\/IMG-2624\/3952660025.jpg\" src=\"data:image\/svg+xml,%3Csvg%20xmlns%3D%22http%3A%2F%2Fwww.w3.org%2F2000%2Fsvg%22%20width%3D%22150%22%20height%3D%22150%22%20viewBox%3D%220%200%20150%20150%22%3E%3C%2Fsvg%3E\" \/><\/span><span class=\"fg-image-overlay\"><\/span><\/a><figcaption class=\"fg-caption\"><div class=\"fg-caption-inner\"><\/div><\/figcaption><\/figure><div class=\"fg-loader\"><\/div><\/div><div class=\"fg-item fg-type-image fg-idle\"><figure class=\"fg-item-inner\"><a href=\"https:\/\/www.mtmesto.sk\/wp-content\/uploads\/2022\/12\/IMG-2687.jpg\" data-attachment-id=\"735\" class=\"fg-thumb\"><span class=\"fg-image-wrap\"><img loading=\"lazy\" width=\"150\" height=\"150\" class=\"skip-lazy fg-image\" data-src-fg=\"https:\/\/www.mtmesto.sk\/wp-content\/uploads\/cache\/2022\/12\/IMG-2687\/451371860.jpg\" src=\"data:image\/svg+xml,%3Csvg%20xmlns%3D%22http%3A%2F%2Fwww.w3.org%2F2000%2Fsvg%22%20width%3D%22150%22%20height%3D%22150%22%20viewBox%3D%220%200%20150%20150%22%3E%3C%2Fsvg%3E\" \/><\/span><span class=\"fg-image-overlay\"><\/span><\/a><figcaption class=\"fg-caption\"><div class=\"fg-caption-inner\"><\/div><\/figcaption><\/figure><div class=\"fg-loader\"><\/div><\/div><div class=\"fg-item fg-type-image fg-idle\"><figure class=\"fg-item-inner\"><a href=\"https:\/\/www.mtmesto.sk\/wp-content\/uploads\/2022\/12\/IMG-2696.jpg\" data-attachment-id=\"736\" class=\"fg-thumb\"><span class=\"fg-image-wrap\"><img loading=\"lazy\" width=\"150\" height=\"150\" class=\"skip-lazy fg-image\" data-src-fg=\"https:\/\/www.mtmesto.sk\/wp-content\/uploads\/cache\/2022\/12\/IMG-2696\/623186424.jpg\" src=\"data:image\/svg+xml,%3Csvg%20xmlns%3D%22http%3A%2F%2Fwww.w3.org%2F2000%2Fsvg%22%20width%3D%22150%22%20height%3D%22150%22%20viewBox%3D%220%200%20150%20150%22%3E%3C%2Fsvg%3E\" \/><\/span><span class=\"fg-image-overlay\"><\/span><\/a><figcaption class=\"fg-caption\"><div class=\"fg-caption-inner\"><\/div><\/figcaption><\/figure><div class=\"fg-loader\"><\/div><\/div><div class=\"fg-item fg-type-image fg-idle\"><figure class=\"fg-item-inner\"><a href=\"https:\/\/www.mtmesto.sk\/wp-content\/uploads\/2022\/12\/IMG-2728.jpg\" data-attachment-id=\"737\" class=\"fg-thumb\"><span class=\"fg-image-wrap\"><img loading=\"lazy\" width=\"150\" height=\"150\" class=\"skip-lazy fg-image\" data-src-fg=\"https:\/\/www.mtmesto.sk\/wp-content\/uploads\/cache\/2022\/12\/IMG-2728\/3085358649.jpg\" src=\"data:image\/svg+xml,%3Csvg%20xmlns%3D%22http%3A%2F%2Fwww.w3.org%2F2000%2Fsvg%22%20width%3D%22150%22%20height%3D%22150%22%20viewBox%3D%220%200%20150%20150%22%3E%3C%2Fsvg%3E\" \/><\/span><span class=\"fg-image-overlay\"><\/span><\/a><figcaption class=\"fg-caption\"><div class=\"fg-caption-inner\"><\/div><\/figcaption><\/figure><div class=\"fg-loader\"><\/div><\/div><div class=\"fg-item fg-type-image fg-idle\"><figure class=\"fg-item-inner\"><a href=\"https:\/\/www.mtmesto.sk\/wp-content\/uploads\/2022\/12\/IMG-2765.jpg\" data-attachment-id=\"738\" class=\"fg-thumb\"><span class=\"fg-image-wrap\"><img loading=\"lazy\" width=\"150\" height=\"150\" class=\"skip-lazy fg-image\" data-src-fg=\"https:\/\/www.mtmesto.sk\/wp-content\/uploads\/cache\/2022\/12\/IMG-2765\/3014877651.jpg\" src=\"data:image\/svg+xml,%3Csvg%20xmlns%3D%22http%3A%2F%2Fwww.w3.org%2F2000%2Fsvg%22%20width%3D%22150%22%20height%3D%22150%22%20viewBox%3D%220%200%20150%20150%22%3E%3C%2Fsvg%3E\" \/><\/span><span class=\"fg-image-overlay\"><\/span><\/a><figcaption class=\"fg-caption\"><div class=\"fg-caption-inner\"><\/div><\/figcaption><\/figure><div class=\"fg-loader\"><\/div><\/div><div class=\"fg-item fg-type-image fg-idle\"><figure class=\"fg-item-inner\"><a href=\"https:\/\/www.mtmesto.sk\/wp-content\/uploads\/2022\/12\/IMG-2855.jpg\" data-attachment-id=\"739\" class=\"fg-thumb\"><span class=\"fg-image-wrap\"><img loading=\"lazy\" width=\"150\" height=\"150\" class=\"skip-lazy fg-image\" data-src-fg=\"https:\/\/www.mtmesto.sk\/wp-content\/uploads\/cache\/2022\/12\/IMG-2855\/2448107147.jpg\" src=\"data:image\/svg+xml,%3Csvg%20xmlns%3D%22http%3A%2F%2Fwww.w3.org%2F2000%2Fsvg%22%20width%3D%22150%22%20height%3D%22150%22%20viewBox%3D%220%200%20150%20150%22%3E%3C%2Fsvg%3E\" \/><\/span><span class=\"fg-image-overlay\"><\/span><\/a><figcaption class=\"fg-caption\"><div class=\"fg-caption-inner\"><\/div><\/figcaption><\/figure><div class=\"fg-loader\"><\/div><\/div><div class=\"fg-item fg-type-image fg-idle\"><figure class=\"fg-item-inner\"><a href=\"https:\/\/www.mtmesto.sk\/wp-content\/uploads\/2022\/12\/IMG-2859.jpg\" data-attachment-id=\"740\" class=\"fg-thumb\"><span class=\"fg-image-wrap\"><img loading=\"lazy\" width=\"150\" height=\"150\" class=\"skip-lazy fg-image\" data-src-fg=\"https:\/\/www.mtmesto.sk\/wp-content\/uploads\/cache\/2022\/12\/IMG-2859\/1161716108.jpg\" src=\"data:image\/svg+xml,%3Csvg%20xmlns%3D%22http%3A%2F%2Fwww.w3.org%2F2000%2Fsvg%22%20width%3D%22150%22%20height%3D%22150%22%20viewBox%3D%220%200%20150%20150%22%3E%3C%2Fsvg%3E\" \/><\/span><span class=\"fg-image-overlay\"><\/span><\/a><figcaption class=\"fg-caption\"><div class=\"fg-caption-inner\"><\/div><\/figcaption><\/figure><div class=\"fg-loader\"><\/div><\/div><div class=\"fg-item fg-type-image fg-idle\"><figure class=\"fg-item-inner\"><a href=\"https:\/\/www.mtmesto.sk\/wp-content\/uploads\/2022\/12\/IMG-2976.jpg\" data-attachment-id=\"741\" class=\"fg-thumb\"><span class=\"fg-image-wrap\"><img loading=\"lazy\" width=\"150\" height=\"150\" class=\"skip-lazy fg-image\" data-src-fg=\"https:\/\/www.mtmesto.sk\/wp-content\/uploads\/cache\/2022\/12\/IMG-2976\/3086225544.jpg\" src=\"data:image\/svg+xml,%3Csvg%20xmlns%3D%22http%3A%2F%2Fwww.w3.org%2F2000%2Fsvg%22%20width%3D%22150%22%20height%3D%22150%22%20viewBox%3D%220%200%20150%20150%22%3E%3C%2Fsvg%3E\" \/><\/span><span class=\"fg-image-overlay\"><\/span><\/a><figcaption class=\"fg-caption\"><div class=\"fg-caption-inner\"><\/div><\/figcaption><\/figure><div class=\"fg-loader\"><\/div><\/div><div class=\"fg-item fg-type-image fg-idle\"><figure class=\"fg-item-inner\"><a href=\"https:\/\/www.mtmesto.sk\/wp-content\/uploads\/2022\/12\/IMG-2978.jpg\" data-attachment-id=\"742\" class=\"fg-thumb\"><span class=\"fg-image-wrap\"><img loading=\"lazy\" width=\"150\" height=\"150\" class=\"skip-lazy fg-image\" data-src-fg=\"https:\/\/www.mtmesto.sk\/wp-content\/uploads\/cache\/2022\/12\/IMG-2978\/1181574347.jpg\" src=\"data:image\/svg+xml,%3Csvg%20xmlns%3D%22http%3A%2F%2Fwww.w3.org%2F2000%2Fsvg%22%20width%3D%22150%22%20height%3D%22150%22%20viewBox%3D%220%200%20150%20150%22%3E%3C%2Fsvg%3E\" \/><\/span><span class=\"fg-image-overlay\"><\/span><\/a><figcaption class=\"fg-caption\"><div class=\"fg-caption-inner\"><\/div><\/figcaption><\/figure><div class=\"fg-loader\"><\/div><\/div><div class=\"fg-item fg-type-image fg-idle\"><figure class=\"fg-item-inner\"><a href=\"https:\/\/www.mtmesto.sk\/wp-content\/uploads\/2022\/12\/IMG-3029.jpg\" data-attachment-id=\"743\" class=\"fg-thumb\"><span class=\"fg-image-wrap\"><img loading=\"lazy\" width=\"150\" height=\"150\" class=\"skip-lazy fg-image\" data-src-fg=\"https:\/\/www.mtmesto.sk\/wp-content\/uploads\/cache\/2022\/12\/IMG-3029\/387314944.jpg\" src=\"data:image\/svg+xml,%3Csvg%20xmlns%3D%22http%3A%2F%2Fwww.w3.org%2F2000%2Fsvg%22%20width%3D%22150%22%20height%3D%22150%22%20viewBox%3D%220%200%20150%20150%22%3E%3C%2Fsvg%3E\" \/><\/span><span class=\"fg-image-overlay\"><\/span><\/a><figcaption class=\"fg-caption\"><div class=\"fg-caption-inner\"><\/div><\/figcaption><\/figure><div class=\"fg-loader\"><\/div><\/div><div class=\"fg-item fg-type-image fg-idle\"><figure class=\"fg-item-inner\"><a href=\"https:\/\/www.mtmesto.sk\/wp-content\/uploads\/2022\/12\/IMG-3052.jpg\" data-attachment-id=\"744\" class=\"fg-thumb\"><span class=\"fg-image-wrap\"><img loading=\"lazy\" width=\"150\" height=\"150\" class=\"skip-lazy fg-image\" data-src-fg=\"https:\/\/www.mtmesto.sk\/wp-content\/uploads\/cache\/2022\/12\/IMG-3052\/3617025580.jpg\" src=\"data:image\/svg+xml,%3Csvg%20xmlns%3D%22http%3A%2F%2Fwww.w3.org%2F2000%2Fsvg%22%20width%3D%22150%22%20height%3D%22150%22%20viewBox%3D%220%200%20150%20150%22%3E%3C%2Fsvg%3E\" \/><\/span><span class=\"fg-image-overlay\"><\/span><\/a><figcaption class=\"fg-caption\"><div class=\"fg-caption-inner\"><\/div><\/figcaption><\/figure><div class=\"fg-loader\"><\/div><\/div><div class=\"fg-item fg-type-image fg-idle\"><figure class=\"fg-item-inner\"><a href=\"https:\/\/www.mtmesto.sk\/wp-content\/uploads\/2022\/12\/IMG-3174.jpg\" data-attachment-id=\"745\" class=\"fg-thumb\"><span class=\"fg-image-wrap\"><img loading=\"lazy\" width=\"150\" height=\"150\" class=\"skip-lazy fg-image\" data-src-fg=\"https:\/\/www.mtmesto.sk\/wp-content\/uploads\/cache\/2022\/12\/IMG-3174\/974259203.jpg\" src=\"data:image\/svg+xml,%3Csvg%20xmlns%3D%22http%3A%2F%2Fwww.w3.org%2F2000%2Fsvg%22%20width%3D%22150%22%20height%3D%22150%22%20viewBox%3D%220%200%20150%20150%22%3E%3C%2Fsvg%3E\" \/><\/span><span class=\"fg-image-overlay\"><\/span><\/a><figcaption class=\"fg-caption\"><div class=\"fg-caption-inner\"><\/div><\/figcaption><\/figure><div class=\"fg-loader\"><\/div><\/div><div class=\"fg-item fg-type-image fg-idle\"><figure class=\"fg-item-inner\"><a href=\"https:\/\/www.mtmesto.sk\/wp-content\/uploads\/2022\/12\/IMG-3188.jpg\" data-attachment-id=\"746\" class=\"fg-thumb\"><span class=\"fg-image-wrap\"><img loading=\"lazy\" width=\"150\" height=\"150\" class=\"skip-lazy fg-image\" data-src-fg=\"https:\/\/www.mtmesto.sk\/wp-content\/uploads\/cache\/2022\/12\/IMG-3188\/1444395244.jpg\" src=\"data:image\/svg+xml,%3Csvg%20xmlns%3D%22http%3A%2F%2Fwww.w3.org%2F2000%2Fsvg%22%20width%3D%22150%22%20height%3D%22150%22%20viewBox%3D%220%200%20150%20150%22%3E%3C%2Fsvg%3E\" \/><\/span><span class=\"fg-image-overlay\"><\/span><\/a><figcaption class=\"fg-caption\"><div class=\"fg-caption-inner\"><\/div><\/figcaption><\/figure><div class=\"fg-loader\"><\/div><\/div><div class=\"fg-item fg-type-image fg-idle\"><figure class=\"fg-item-inner\"><a href=\"https:\/\/www.mtmesto.sk\/wp-content\/uploads\/2022\/12\/IMG-3198.jpg\" data-attachment-id=\"747\" class=\"fg-thumb\"><span class=\"fg-image-wrap\"><img loading=\"lazy\" width=\"150\" height=\"150\" class=\"skip-lazy fg-image\" data-src-fg=\"https:\/\/www.mtmesto.sk\/wp-content\/uploads\/cache\/2022\/12\/IMG-3198\/2880605375.jpg\" src=\"data:image\/svg+xml,%3Csvg%20xmlns%3D%22http%3A%2F%2Fwww.w3.org%2F2000%2Fsvg%22%20width%3D%22150%22%20height%3D%22150%22%20viewBox%3D%220%200%20150%20150%22%3E%3C%2Fsvg%3E\" \/><\/span><span class=\"fg-image-overlay\"><\/span><\/a><figcaption class=\"fg-caption\"><div class=\"fg-caption-inner\"><\/div><\/figcaption><\/figure><div class=\"fg-loader\"><\/div><\/div><div class=\"fg-item fg-type-image fg-idle\"><figure class=\"fg-item-inner\"><a href=\"https:\/\/www.mtmesto.sk\/wp-content\/uploads\/2022\/12\/IMG-8348.jpg\" data-attachment-id=\"748\" class=\"fg-thumb\"><span class=\"fg-image-wrap\"><img loading=\"lazy\" width=\"150\" height=\"150\" class=\"skip-lazy fg-image\" data-src-fg=\"https:\/\/www.mtmesto.sk\/wp-content\/uploads\/cache\/2022\/12\/IMG-8348\/3214266278.jpg\" src=\"data:image\/svg+xml,%3Csvg%20xmlns%3D%22http%3A%2F%2Fwww.w3.org%2F2000%2Fsvg%22%20width%3D%22150%22%20height%3D%22150%22%20viewBox%3D%220%200%20150%20150%22%3E%3C%2Fsvg%3E\" \/><\/span><span class=\"fg-image-overlay\"><\/span><\/a><figcaption class=\"fg-caption\"><div class=\"fg-caption-inner\"><\/div><\/figcaption><\/figure><div class=\"fg-loader\"><\/div><\/div><div class=\"fg-item fg-type-image fg-idle\"><figure class=\"fg-item-inner\"><a href=\"https:\/\/www.mtmesto.sk\/wp-content\/uploads\/2022\/12\/IMG-8352.jpg\" data-attachment-id=\"749\" class=\"fg-thumb\"><span class=\"fg-image-wrap\"><img loading=\"lazy\" width=\"150\" height=\"150\" class=\"skip-lazy fg-image\" data-src-fg=\"https:\/\/www.mtmesto.sk\/wp-content\/uploads\/cache\/2022\/12\/IMG-8352\/3555780413.jpg\" src=\"data:image\/svg+xml,%3Csvg%20xmlns%3D%22http%3A%2F%2Fwww.w3.org%2F2000%2Fsvg%22%20width%3D%22150%22%20height%3D%22150%22%20viewBox%3D%220%200%20150%20150%22%3E%3C%2Fsvg%3E\" \/><\/span><span class=\"fg-image-overlay\"><\/span><\/a><figcaption class=\"fg-caption\"><div class=\"fg-caption-inner\"><\/div><\/figcaption><\/figure><div class=\"fg-loader\"><\/div><\/div><div class=\"fg-item fg-type-image fg-idle\"><figure class=\"fg-item-inner\"><a href=\"https:\/\/www.mtmesto.sk\/wp-content\/uploads\/2022\/12\/IMG-8358.jpg\" data-attachment-id=\"750\" class=\"fg-thumb\"><span class=\"fg-image-wrap\"><img loading=\"lazy\" width=\"150\" height=\"150\" class=\"skip-lazy fg-image\" data-src-fg=\"https:\/\/www.mtmesto.sk\/wp-content\/uploads\/cache\/2022\/12\/IMG-8358\/2391149605.jpg\" src=\"data:image\/svg+xml,%3Csvg%20xmlns%3D%22http%3A%2F%2Fwww.w3.org%2F2000%2Fsvg%22%20width%3D%22150%22%20height%3D%22150%22%20viewBox%3D%220%200%20150%20150%22%3E%3C%2Fsvg%3E\" \/><\/span><span class=\"fg-image-overlay\"><\/span><\/a><figcaption class=\"fg-caption\"><div class=\"fg-caption-inner\"><\/div><\/figcaption><\/figure><div class=\"fg-loader\"><\/div><\/div><div class=\"fg-item fg-type-image fg-idle\"><figure class=\"fg-item-inner\"><a href=\"https:\/\/www.mtmesto.sk\/wp-content\/uploads\/2022\/12\/IMG-8387.jpg\" data-attachment-id=\"751\" class=\"fg-thumb\"><span class=\"fg-image-wrap\"><img loading=\"lazy\" width=\"150\" height=\"150\" class=\"skip-lazy fg-image\" data-src-fg=\"https:\/\/www.mtmesto.sk\/wp-content\/uploads\/cache\/2022\/12\/IMG-8387\/1278728654.jpg\" src=\"data:image\/svg+xml,%3Csvg%20xmlns%3D%22http%3A%2F%2Fwww.w3.org%2F2000%2Fsvg%22%20width%3D%22150%22%20height%3D%22150%22%20viewBox%3D%220%200%20150%20150%22%3E%3C%2Fsvg%3E\" \/><\/span><span class=\"fg-image-overlay\"><\/span><\/a><figcaption class=\"fg-caption\"><div class=\"fg-caption-inner\"><\/div><\/figcaption><\/figure><div class=\"fg-loader\"><\/div><\/div><div class=\"fg-item fg-type-image fg-idle\"><figure class=\"fg-item-inner\"><a href=\"https:\/\/www.mtmesto.sk\/wp-content\/uploads\/2022\/12\/IMG-8390.jpg\" data-attachment-id=\"752\" class=\"fg-thumb\"><span class=\"fg-image-wrap\"><img loading=\"lazy\" width=\"150\" height=\"150\" class=\"skip-lazy fg-image\" data-src-fg=\"https:\/\/www.mtmesto.sk\/wp-content\/uploads\/cache\/2022\/12\/IMG-8390\/3046810341.jpg\" src=\"data:image\/svg+xml,%3Csvg%20xmlns%3D%22http%3A%2F%2Fwww.w3.org%2F2000%2Fsvg%22%20width%3D%22150%22%20height%3D%22150%22%20viewBox%3D%220%200%20150%20150%22%3E%3C%2Fsvg%3E\" \/><\/span><span class=\"fg-image-overlay\"><\/span><\/a><figcaption class=\"fg-caption\"><div class=\"fg-caption-inner\"><\/div><\/figcaption><\/figure><div class=\"fg-loader\"><\/div><\/div><div class=\"fg-item fg-type-image fg-idle\"><figure class=\"fg-item-inner\"><a href=\"https:\/\/www.mtmesto.sk\/wp-content\/uploads\/2022\/12\/IMG-8412.jpg\" data-attachment-id=\"753\" class=\"fg-thumb\"><span class=\"fg-image-wrap\"><img loading=\"lazy\" width=\"150\" height=\"150\" class=\"skip-lazy fg-image\" data-src-fg=\"https:\/\/www.mtmesto.sk\/wp-content\/uploads\/cache\/2022\/12\/IMG-8412\/1147485417.jpg\" src=\"data:image\/svg+xml,%3Csvg%20xmlns%3D%22http%3A%2F%2Fwww.w3.org%2F2000%2Fsvg%22%20width%3D%22150%22%20height%3D%22150%22%20viewBox%3D%220%200%20150%20150%22%3E%3C%2Fsvg%3E\" \/><\/span><span class=\"fg-image-overlay\"><\/span><\/a><figcaption class=\"fg-caption\"><div class=\"fg-caption-inner\"><\/div><\/figcaption><\/figure><div class=\"fg-loader\"><\/div><\/div><div class=\"fg-item fg-type-image fg-idle\"><figure class=\"fg-item-inner\"><a href=\"https:\/\/www.mtmesto.sk\/wp-content\/uploads\/2022\/12\/IMG-8413.jpg\" data-attachment-id=\"754\" class=\"fg-thumb\"><span class=\"fg-image-wrap\"><img loading=\"lazy\" width=\"150\" height=\"150\" class=\"skip-lazy fg-image\" data-src-fg=\"https:\/\/www.mtmesto.sk\/wp-content\/uploads\/cache\/2022\/12\/IMG-8413\/1900467908.jpg\" src=\"data:image\/svg+xml,%3Csvg%20xmlns%3D%22http%3A%2F%2Fwww.w3.org%2F2000%2Fsvg%22%20width%3D%22150%22%20height%3D%22150%22%20viewBox%3D%220%200%20150%20150%22%3E%3C%2Fsvg%3E\" \/><\/span><span class=\"fg-image-overlay\"><\/span><\/a><figcaption class=\"fg-caption\"><div class=\"fg-caption-inner\"><\/div><\/figcaption><\/figure><div class=\"fg-loader\"><\/div><\/div><div class=\"fg-item fg-type-image fg-idle\"><figure class=\"fg-item-inner\"><a href=\"https:\/\/www.mtmesto.sk\/wp-content\/uploads\/2022\/12\/IMG-8419.jpg\" data-attachment-id=\"755\" class=\"fg-thumb\"><span class=\"fg-image-wrap\"><img loading=\"lazy\" width=\"150\" height=\"150\" class=\"skip-lazy fg-image\" data-src-fg=\"https:\/\/www.mtmesto.sk\/wp-content\/uploads\/cache\/2022\/12\/IMG-8419\/173599260.jpg\" src=\"data:image\/svg+xml,%3Csvg%20xmlns%3D%22http%3A%2F%2Fwww.w3.org%2F2000%2Fsvg%22%20width%3D%22150%22%20height%3D%22150%22%20viewBox%3D%220%200%20150%20150%22%3E%3C%2Fsvg%3E\" \/><\/span><span class=\"fg-image-overlay\"><\/span><\/a><figcaption class=\"fg-caption\"><div class=\"fg-caption-inner\"><\/div><\/figcaption><\/figure><div class=\"fg-loader\"><\/div><\/div><div class=\"fg-item fg-type-image fg-idle\"><figure class=\"fg-item-inner\"><a href=\"https:\/\/www.mtmesto.sk\/wp-content\/uploads\/2022\/12\/IMG-8421.jpg\" data-attachment-id=\"756\" class=\"fg-thumb\"><span class=\"fg-image-wrap\"><img loading=\"lazy\" width=\"150\" height=\"150\" class=\"skip-lazy fg-image\" data-src-fg=\"https:\/\/www.mtmesto.sk\/wp-content\/uploads\/cache\/2022\/12\/IMG-8421\/69446429.jpg\" src=\"data:image\/svg+xml,%3Csvg%20xmlns%3D%22http%3A%2F%2Fwww.w3.org%2F2000%2Fsvg%22%20width%3D%22150%22%20height%3D%22150%22%20viewBox%3D%220%200%20150%20150%22%3E%3C%2Fsvg%3E\" \/><\/span><span class=\"fg-image-overlay\"><\/span><\/a><figcaption class=\"fg-caption\"><div class=\"fg-caption-inner\"><\/div><\/figcaption><\/figure><div class=\"fg-loader\"><\/div><\/div><div class=\"fg-item fg-type-image fg-idle\"><figure class=\"fg-item-inner\"><a href=\"https:\/\/www.mtmesto.sk\/wp-content\/uploads\/2022\/12\/IMG-8444.jpg\" data-attachment-id=\"757\" class=\"fg-thumb\"><span class=\"fg-image-wrap\"><img loading=\"lazy\" width=\"150\" height=\"150\" class=\"skip-lazy fg-image\" data-src-fg=\"https:\/\/www.mtmesto.sk\/wp-content\/uploads\/cache\/2022\/12\/IMG-8444\/3574070499.jpg\" src=\"data:image\/svg+xml,%3Csvg%20xmlns%3D%22http%3A%2F%2Fwww.w3.org%2F2000%2Fsvg%22%20width%3D%22150%22%20height%3D%22150%22%20viewBox%3D%220%200%20150%20150%22%3E%3C%2Fsvg%3E\" \/><\/span><span class=\"fg-image-overlay\"><\/span><\/a><figcaption class=\"fg-caption\"><div class=\"fg-caption-inner\"><\/div><\/figcaption><\/figure><div class=\"fg-loader\"><\/div><\/div><div class=\"fg-item fg-type-image fg-idle\"><figure class=\"fg-item-inner\"><a href=\"https:\/\/www.mtmesto.sk\/wp-content\/uploads\/2022\/12\/IMG-8452.jpg\" data-attachment-id=\"758\" class=\"fg-thumb\"><span class=\"fg-image-wrap\"><img loading=\"lazy\" width=\"150\" height=\"150\" class=\"skip-lazy fg-image\" data-src-fg=\"https:\/\/www.mtmesto.sk\/wp-content\/uploads\/cache\/2022\/12\/IMG-8452\/3333362192.jpg\" src=\"data:image\/svg+xml,%3Csvg%20xmlns%3D%22http%3A%2F%2Fwww.w3.org%2F2000%2Fsvg%22%20width%3D%22150%22%20height%3D%22150%22%20viewBox%3D%220%200%20150%20150%22%3E%3C%2Fsvg%3E\" \/><\/span><span class=\"fg-image-overlay\"><\/span><\/a><figcaption class=\"fg-caption\"><div class=\"fg-caption-inner\"><\/div><\/figcaption><\/figure><div class=\"fg-loader\"><\/div><\/div><div class=\"fg-item fg-type-image fg-idle\"><figure class=\"fg-item-inner\"><a href=\"https:\/\/www.mtmesto.sk\/wp-content\/uploads\/2022\/12\/IMG-8453.jpg\" data-attachment-id=\"759\" class=\"fg-thumb\"><span class=\"fg-image-wrap\"><img loading=\"lazy\" width=\"150\" height=\"150\" class=\"skip-lazy fg-image\" data-src-fg=\"https:\/\/www.mtmesto.sk\/wp-content\/uploads\/cache\/2022\/12\/IMG-8453\/3772461726.jpg\" src=\"data:image\/svg+xml,%3Csvg%20xmlns%3D%22http%3A%2F%2Fwww.w3.org%2F2000%2Fsvg%22%20width%3D%22150%22%20height%3D%22150%22%20viewBox%3D%220%200%20150%20150%22%3E%3C%2Fsvg%3E\" \/><\/span><span class=\"fg-image-overlay\"><\/span><\/a><figcaption class=\"fg-caption\"><div class=\"fg-caption-inner\"><\/div><\/figcaption><\/figure><div class=\"fg-loader\"><\/div><\/div><div class=\"fg-item fg-type-image fg-idle\"><figure class=\"fg-item-inner\"><a href=\"https:\/\/www.mtmesto.sk\/wp-content\/uploads\/2022\/12\/IMG-8460.jpg\" data-attachment-id=\"760\" class=\"fg-thumb\"><span class=\"fg-image-wrap\"><img loading=\"lazy\" width=\"150\" height=\"150\" class=\"skip-lazy fg-image\" data-src-fg=\"https:\/\/www.mtmesto.sk\/wp-content\/uploads\/cache\/2022\/12\/IMG-8460\/2715050720.jpg\" src=\"data:image\/svg+xml,%3Csvg%20xmlns%3D%22http%3A%2F%2Fwww.w3.org%2F2000%2Fsvg%22%20width%3D%22150%22%20height%3D%22150%22%20viewBox%3D%220%200%20150%20150%22%3E%3C%2Fsvg%3E\" \/><\/span><span class=\"fg-image-overlay\"><\/span><\/a><figcaption class=\"fg-caption\"><div class=\"fg-caption-inner\"><\/div><\/figcaption><\/figure><div class=\"fg-loader\"><\/div><\/div><\/div>\r\n","protected":false},"excerpt":{"rendered":"","protected":false},"author":1,"featured_media":0,"parent":0,"menu_order":0,"comment_status":"closed","ping_status":"closed","template":"","meta":[],"_links":{"self":[{"href":"https:\/\/www.mtmesto.sk\/index.php?rest_route=\/wp\/v2\/pages\/762"}],"collection":[{"href":"https:\/\/www.mtmesto.sk\/index.php?rest_route=\/wp\/v2\/pages"}],"about":[{"href":"https:\/\/www.mtmesto.sk\/index.php?rest_route=\/wp\/v2\/types\/page"}],"author":[{"embeddable":true,"href":"https:\/\/www.mtmesto.sk\/index.php?rest_route=\/wp\/v2\/users\/1"}],"replies":[{"embeddable":true,"href":"https:\/\/www.mtmesto.sk\/index.php?rest_route=%2Fwp%2Fv2%2Fcomments&post=762"}],"version-history":[{"count":1,"href":"https:\/\/www.mtmesto.sk\/index.php?rest_route=\/wp\/v2\/pages\/762\/revisions"}],"predecessor-version":[{"id":763,"href":"https:\/\/www.mtmesto.sk\/index.php?rest_route=\/wp\/v2\/pages\/762\/revisions\/763"}],"wp:attachment":[{"href":"https:\/\/www.mtmesto.sk\/index.php?rest_route=%2Fwp%2Fv2%2Fmedia&parent=762"}],"curies":[{"name":"wp","href":"https:\/\/api.w.org\/{rel}","templated":true}]}}