{"id":58,"date":"2021-09-21T10:35:13","date_gmt":"2021-09-21T08:35:13","guid":{"rendered":"http:\/\/www.mtmesto.sk\/?page_id=58"},"modified":"2026-04-25T19:29:50","modified_gmt":"2026-04-25T17:29:50","slug":"rozpis-sv-omsi","status":"publish","type":"page","link":"https:\/\/www.mtmesto.sk\/?page_id=58","title":{"rendered":"Sl\u00e1venie sv\u00e4t\u00fdch om\u0161\u00ed v aktu\u00e1lnom t\u00fd\u017edni"},"content":{"rendered":"\n<div class=\"wp-block-group\"><div class=\"wp-block-group__inner-container\">\n<div class=\"wp-block-image\"><figure class=\"aligncenter size-large\"><img loading=\"lazy\" width=\"724\" height=\"1024\" src=\"https:\/\/www.mtmesto.sk\/wp-content\/uploads\/2026\/04\/0-7-724x1024.jpg\" alt=\"\" class=\"wp-image-2787\" srcset=\"https:\/\/www.mtmesto.sk\/wp-content\/uploads\/2026\/04\/0-7-724x1024.jpg 724w, https:\/\/www.mtmesto.sk\/wp-content\/uploads\/2026\/04\/0-7-212x300.jpg 212w, https:\/\/www.mtmesto.sk\/wp-content\/uploads\/2026\/04\/0-7-768x1086.jpg 768w, https:\/\/www.mtmesto.sk\/wp-content\/uploads\/2026\/04\/0-7-1086x1536.jpg 1086w, https:\/\/www.mtmesto.sk\/wp-content\/uploads\/2026\/04\/0-7-1448x2048.jpg 1448w, https:\/\/www.mtmesto.sk\/wp-content\/uploads\/2026\/04\/0-7.jpg 1653w\" sizes=\"(max-width: 724px) 100vw, 724px\" \/><\/figure><\/div>\n<\/div><\/div>\n","protected":false},"excerpt":{"rendered":"","protected":false},"author":1,"featured_media":0,"parent":0,"menu_order":0,"comment_status":"closed","ping_status":"closed","template":"page-templates\/fullwidth.php","meta":[],"_links":{"self":[{"href":"https:\/\/www.mtmesto.sk\/index.php?rest_route=\/wp\/v2\/pages\/58"}],"collection":[{"href":"https:\/\/www.mtmesto.sk\/index.php?rest_route=\/wp\/v2\/pages"}],"about":[{"href":"https:\/\/www.mtmesto.sk\/index.php?rest_route=\/wp\/v2\/types\/page"}],"author":[{"embeddable":true,"href":"https:\/\/www.mtmesto.sk\/index.php?rest_route=\/wp\/v2\/users\/1"}],"replies":[{"embeddable":true,"href":"https:\/\/www.mtmesto.sk\/index.php?rest_route=%2Fwp%2Fv2%2Fcomments&post=58"}],"version-history":[{"count":238,"href":"https:\/\/www.mtmesto.sk\/index.php?rest_route=\/wp\/v2\/pages\/58\/revisions"}],"predecessor-version":[{"id":2788,"href":"https:\/\/www.mtmesto.sk\/index.php?rest_route=\/wp\/v2\/pages\/58\/revisions\/2788"}],"wp:attachment":[{"href":"https:\/\/www.mtmesto.sk\/index.php?rest_route=%2Fwp%2Fv2%2Fmedia&parent=58"}],"curies":[{"name":"wp","href":"https:\/\/api.w.org\/{rel}","templated":true}]}}