{"id":41,"date":"2021-09-21T10:25:46","date_gmt":"2021-09-21T08:25:46","guid":{"rendered":"http:\/\/www.mtmesto.sk\/?page_id=41"},"modified":"2025-01-11T11:00:29","modified_gmt":"2025-01-11T10:00:29","slug":"kontakt","status":"publish","type":"page","link":"https:\/\/www.mtmesto.sk\/?page_id=41","title":{"rendered":"Kontakt"},"content":{"rendered":"\n<hr class=\"wp-block-separator\"\/>\n\n\n\n<p><strong>Pr\u00e1vnick\u00fd n\u00e1zov PO:<\/strong> R\u00edmskokatol\u00edcka cirkev, farnos\u0165 Martin<\/p>\n\n\n\n<p><strong>Adresa:<\/strong> N\u00e1m. SNP 1,  036 01 Martin<\/p>\n\n\n\n<p><strong>\u0160tatut\u00e1rny z\u00e1stupca:<\/strong> Mgr. Pavol Gera<\/p>\n\n\n\n<p><strong>I\u010cO:<\/strong> 17067464<\/p>\n\n\n\n<p><strong>DI\u010c:<\/strong> 2020597733<\/p>\n\n\n\n<p><strong>Bankov\u00e9 spojenie:<\/strong> SK1009000000005031038004<\/p>\n\n\n\n<hr class=\"wp-block-separator\"\/>\n\n\n\n<p><strong>Telef\u00f3n:<\/strong> +421 (0)43 423 84 14<\/p>\n\n\n\n<p><strong>E-mail:<\/strong> <a href=\"mailto:mt.mesto@fara.sk\">mt.<\/a><a href=\"mailto:mt.mesto@dcza.sk\" data-type=\"mailto\" data-id=\"mailto:mt.mesto@dcza.sk\">mesto@dcza.sk<\/a><\/p>\n\n\n\n<p><strong>Dekan,<\/strong> <strong>Far\u00e1r:<\/strong> Pavol Gera<\/p>\n\n\n\n<p><strong>Farsk\u00fd vik\u00e1r:<\/strong> <\/p>\n\n\n\n<ul><li>Andrej Krek\u00e1\u010d<\/li><\/ul>\n\n\n\n<ul><li>Peter Majda (duchovn\u00e1 slu\u017eba v nemocnici)<\/li><\/ul>\n\n\n\n<hr class=\"wp-block-separator\"\/>\n\n\n\n<h2 class=\"has-text-align-center\">Nemocnica &#8211; Duchovn\u00e1 slu\u017eba<\/h2>\n\n\n\n<p><strong>Nemocni\u010dn\u00fd kapl\u00e1n:<\/strong> Juraj Jendrejovsk\u00fd, Peter Majda (zaopatrovanie, spove\u010f, &#8230;)<\/p>\n\n\n\n<p><strong>Telef\u00f3nny kontakt: <\/strong>+421&nbsp;908 479 735<\/p>\n\n\n\n<p><strong>Adresa:<\/strong> Koll\u00e1rova 4248\/2, 036 01 Martin<\/p>\n\n\n\n<p><strong>E-mail:<\/strong> <a href=\"mailto:dsunm@dsunm.sk\" target=\"_blank\" rel=\"noreferrer noopener\">dsunm@dsunm.sk<\/a><\/p>\n\n\n\n<p><strong>Viac inform\u00e1cii:<\/strong> <a href=\"https:\/\/www.dsunm.sk\/\" data-type=\"URL\" data-id=\"https:\/\/www.dsunm.sk\/\" target=\"_blank\" rel=\"noreferrer noopener\">www.dsunm.sk<\/a><\/p>\n","protected":false},"excerpt":{"rendered":"<p>Pr\u00e1vnick\u00fd n\u00e1zov PO: R\u00edmskokatol\u00edcka cirkev, farnos\u0165 Martin Adresa: N\u00e1m. SNP 1, 036 01 Martin \u0160tatut\u00e1rny z\u00e1stupca: Mgr. Pavol Gera I\u010cO: 17067464 DI\u010c: 2020597733 Bankov\u00e9 spojenie: SK1009000000005031038004 Telef\u00f3n: +421 (0)43 423&hellip;<\/p>\n","protected":false},"author":1,"featured_media":0,"parent":0,"menu_order":0,"comment_status":"closed","ping_status":"closed","template":"","meta":[],"_links":{"self":[{"href":"https:\/\/www.mtmesto.sk\/index.php?rest_route=\/wp\/v2\/pages\/41"}],"collection":[{"href":"https:\/\/www.mtmesto.sk\/index.php?rest_route=\/wp\/v2\/pages"}],"about":[{"href":"https:\/\/www.mtmesto.sk\/index.php?rest_route=\/wp\/v2\/types\/page"}],"author":[{"embeddable":true,"href":"https:\/\/www.mtmesto.sk\/index.php?rest_route=\/wp\/v2\/users\/1"}],"replies":[{"embeddable":true,"href":"https:\/\/www.mtmesto.sk\/index.php?rest_route=%2Fwp%2Fv2%2Fcomments&post=41"}],"version-history":[{"count":14,"href":"https:\/\/www.mtmesto.sk\/index.php?rest_route=\/wp\/v2\/pages\/41\/revisions"}],"predecessor-version":[{"id":2239,"href":"https:\/\/www.mtmesto.sk\/index.php?rest_route=\/wp\/v2\/pages\/41\/revisions\/2239"}],"wp:attachment":[{"href":"https:\/\/www.mtmesto.sk\/index.php?rest_route=%2Fwp%2Fv2%2Fmedia&parent=41"}],"curies":[{"name":"wp","href":"https:\/\/api.w.org\/{rel}","templated":true}]}}