{"id":249,"date":"2022-05-04T18:54:35","date_gmt":"2022-05-04T16:54:35","guid":{"rendered":"https:\/\/www.mtmesto.sk\/?page_id=249"},"modified":"2025-08-18T14:16:12","modified_gmt":"2025-08-18T12:16:12","slug":"svate-omse-v-dekanate-martin","status":"publish","type":"page","link":"https:\/\/www.mtmesto.sk\/?page_id=249","title":{"rendered":"Sv\u00e4t\u00e9 om\u0161e v dekan\u00e1te Martin SEPTEMBER &#8211; J\u00daN"},"content":{"rendered":"\n<p><\/p>\n\n\n\n<figure class=\"wp-block-image size-large\"><a href=\"https:\/\/www.mtmesto.sk\/wp-content\/uploads\/2022\/05\/SVATE-OMSE-v-dekanate2022.jpg\"><img loading=\"lazy\" width=\"1024\" height=\"724\" src=\"https:\/\/www.mtmesto.sk\/wp-content\/uploads\/2022\/05\/SVATE-OMSE-v-dekanate2022-1024x724.jpg\" alt=\"\" class=\"wp-image-250\" srcset=\"https:\/\/www.mtmesto.sk\/wp-content\/uploads\/2022\/05\/SVATE-OMSE-v-dekanate2022-1024x724.jpg 1024w, https:\/\/www.mtmesto.sk\/wp-content\/uploads\/2022\/05\/SVATE-OMSE-v-dekanate2022-300x212.jpg 300w, https:\/\/www.mtmesto.sk\/wp-content\/uploads\/2022\/05\/SVATE-OMSE-v-dekanate2022-768x543.jpg 768w, https:\/\/www.mtmesto.sk\/wp-content\/uploads\/2022\/05\/SVATE-OMSE-v-dekanate2022-1536x1086.jpg 1536w, https:\/\/www.mtmesto.sk\/wp-content\/uploads\/2022\/05\/SVATE-OMSE-v-dekanate2022.jpg 1683w\" sizes=\"(max-width: 1024px) 100vw, 1024px\" \/><\/a><\/figure>\n","protected":false},"excerpt":{"rendered":"","protected":false},"author":1,"featured_media":0,"parent":0,"menu_order":0,"comment_status":"closed","ping_status":"closed","template":"","meta":[],"_links":{"self":[{"href":"https:\/\/www.mtmesto.sk\/index.php?rest_route=\/wp\/v2\/pages\/249"}],"collection":[{"href":"https:\/\/www.mtmesto.sk\/index.php?rest_route=\/wp\/v2\/pages"}],"about":[{"href":"https:\/\/www.mtmesto.sk\/index.php?rest_route=\/wp\/v2\/types\/page"}],"author":[{"embeddable":true,"href":"https:\/\/www.mtmesto.sk\/index.php?rest_route=\/wp\/v2\/users\/1"}],"replies":[{"embeddable":true,"href":"https:\/\/www.mtmesto.sk\/index.php?rest_route=%2Fwp%2Fv2%2Fcomments&post=249"}],"version-history":[{"count":2,"href":"https:\/\/www.mtmesto.sk\/index.php?rest_route=\/wp\/v2\/pages\/249\/revisions"}],"predecessor-version":[{"id":2530,"href":"https:\/\/www.mtmesto.sk\/index.php?rest_route=\/wp\/v2\/pages\/249\/revisions\/2530"}],"wp:attachment":[{"href":"https:\/\/www.mtmesto.sk\/index.php?rest_route=%2Fwp%2Fv2%2Fmedia&parent=249"}],"curies":[{"name":"wp","href":"https:\/\/api.w.org\/{rel}","templated":true}]}}