{"id":196,"date":"2022-05-03T23:41:14","date_gmt":"2022-05-03T21:41:14","guid":{"rendered":"https:\/\/www.mtmesto.sk\/?page_id=196"},"modified":"2023-08-14T11:49:11","modified_gmt":"2023-08-14T09:49:11","slug":"krstny-list","status":"publish","type":"page","link":"https:\/\/www.mtmesto.sk\/?page_id=196","title":{"rendered":"Krstn\u00fd list"},"content":{"rendered":"\n<h3><strong>Krstn\u00fd list je mo\u017en\u00e9 vybavi\u0165 nasledovne:<\/strong><\/h3>\n\n\n\n<ul><li>Osobne v&nbsp;kancel\u00e1ri\u00ed farsk\u00e9ho \u00faradu po\u010das \u00faradn\u00fdch hod\u00edn. Upozor\u0148ujeme, \u017ee z&nbsp;d\u00f4vodu ochrany osobn\u00fdch \u00fadajov je nutn\u00e9 pr\u00eds\u0165 osobne. Krstn\u00fd list nevyd\u00e1vame tret\u00edm osob\u00e1m, iba ak so splnomocnen\u00edm.<\/li><\/ul>\n\n\n\n<hr class=\"wp-block-separator\"\/>\n\n\n\n<ul><li>Mailom na na\u0161ej e-mailovej adrese: <a href=\"mailto:mt.mesto@dcza.sk\">mt.mesto@dcza.sk<\/a><\/li><\/ul>\n\n\n\n<hr class=\"wp-block-separator\"\/>\n\n\n\n<ul><li><strong>Do spr\u00e1vy je potrebn\u00e9 uvies\u0165:<\/strong><ul><li>Meno a priezvisko<\/li><li>D\u00e1tum narodenia<\/li><li>Men\u00e1 rodi\u010dov<\/li><li>D\u00f4vod \u017eiadosti, pre ktor\u00fa potrebujete krstn\u00fd list (k sob\u00e1\u0161u, birmovke,&#8230;)<\/li><li>Farnos\u0165, kde m\u00e1me krstn\u00fd list posla\u0165 (je dobr\u00fa uvies\u0165 adresu tejto farnosti)<\/li><\/ul><\/li><\/ul>\n\n\n\n<hr class=\"wp-block-separator\"\/>\n\n\n\n<ul><li>Platnos\u0165 krstn\u00e9ho listu je 6 mesiacov. <\/li><\/ul>\n","protected":false},"excerpt":{"rendered":"<p>Krstn\u00fd list je mo\u017en\u00e9 vybavi\u0165 nasledovne: Osobne v&nbsp;kancel\u00e1ri\u00ed farsk\u00e9ho \u00faradu po\u010das \u00faradn\u00fdch hod\u00edn. Upozor\u0148ujeme, \u017ee z&nbsp;d\u00f4vodu ochrany osobn\u00fdch \u00fadajov je nutn\u00e9 pr\u00eds\u0165 osobne. Krstn\u00fd list nevyd\u00e1vame tret\u00edm osob\u00e1m, iba ak&hellip;<\/p>\n","protected":false},"author":1,"featured_media":0,"parent":0,"menu_order":0,"comment_status":"closed","ping_status":"closed","template":"","meta":[],"_links":{"self":[{"href":"https:\/\/www.mtmesto.sk\/index.php?rest_route=\/wp\/v2\/pages\/196"}],"collection":[{"href":"https:\/\/www.mtmesto.sk\/index.php?rest_route=\/wp\/v2\/pages"}],"about":[{"href":"https:\/\/www.mtmesto.sk\/index.php?rest_route=\/wp\/v2\/types\/page"}],"author":[{"embeddable":true,"href":"https:\/\/www.mtmesto.sk\/index.php?rest_route=\/wp\/v2\/users\/1"}],"replies":[{"embeddable":true,"href":"https:\/\/www.mtmesto.sk\/index.php?rest_route=%2Fwp%2Fv2%2Fcomments&post=196"}],"version-history":[{"count":6,"href":"https:\/\/www.mtmesto.sk\/index.php?rest_route=\/wp\/v2\/pages\/196\/revisions"}],"predecessor-version":[{"id":1153,"href":"https:\/\/www.mtmesto.sk\/index.php?rest_route=\/wp\/v2\/pages\/196\/revisions\/1153"}],"wp:attachment":[{"href":"https:\/\/www.mtmesto.sk\/index.php?rest_route=%2Fwp%2Fv2%2Fmedia&parent=196"}],"curies":[{"name":"wp","href":"https:\/\/api.w.org\/{rel}","templated":true}]}}