{"id":176,"date":"2022-05-03T23:13:25","date_gmt":"2022-05-03T21:13:25","guid":{"rendered":"https:\/\/www.mtmesto.sk\/?page_id=176"},"modified":"2024-02-03T15:52:29","modified_gmt":"2024-02-03T14:52:29","slug":"sviatost-zmierenia","status":"publish","type":"page","link":"https:\/\/www.mtmesto.sk\/?page_id=176","title":{"rendered":"Sviatos\u0165 zmierenia"},"content":{"rendered":"\n<p>V na\u0161ej farnosti spoved\u00e1me: <strong>Pondelok<\/strong> <strong>&#8211; Sobota od 17:00 hod.<\/strong> Po\u010das sv. om\u0161e nespoved\u00e1me.<\/p>\n\n\n\n<p>V <span style=\"text-decoration: underline;\"><strong>Prvopiatkovom t\u00fd\u017edni<\/strong><\/span> spoved\u00e1me: <strong>Pondelok &#8211; Piatok od 16:45<\/strong>.<\/p>\n\n\n\n<hr class=\"wp-block-separator\"\/>\n\n\n\n<p class=\"has-text-align-center\"><strong><em>\u201eT\u00ed, \u010do pristupuj\u00fa k sviatosti pok\u00e1nia, dost\u00e1vaj\u00fa od Bo\u017eieho milosrdenstva odpustenie ur\u00e1\u017eky sp\u00f4sobenej Bohu a z\u00e1rove\u0148 sa zmieruj\u00fa s Cirkvou, ktor\u00fa hriechom ranili a ktor\u00e1 sa l\u00e1skou, pr\u00edkladom a modlitbami pri\u010di\u0148uje o ich obr\u00e1tenie.\u201c<\/em>&nbsp;<em>\u201eNov\u00fd \u017eivot, ktor\u00fd sme dostali vo sviatostiach uv\u00e1dzania do kres\u0165ansk\u00e9ho \u017eivota, neodstr\u00e1nil krehkos\u0165 a slabos\u0165 \u013eudskej prirodzenosti ani n\u00e1klonnos\u0165 na hriech, ktor\u00fa trad\u00edcia naz\u00fdva \u017eiadostivos\u0165 (concupiscentia) a ktor\u00e1 zost\u00e1va v pokrsten\u00fdch, aby sa s pomocou Kristovej milosti osved\u010dili v boji kres\u0165ansk\u00e9ho \u017eivota. Je to boj o obr\u00e1tenie s cie\u013eom dosiahnu\u0165 sv\u00e4tos\u0165 a ve\u010dn\u00fd \u017eivot, do ktor\u00e9ho n\u00e1s P\u00e1n neprestajne povol\u00e1va.<\/em>\u201c&nbsp;(KKC 1422 a&nbsp;1426)<\/strong><\/p>\n\n\n\n<hr class=\"wp-block-separator\"\/>\n\n\n\n<p>D\u00f4le\u017eit\u00e9 inform\u00e1cie o sviatosti pok\u00e1nia je mo\u017en\u00e9 n\u00e1js\u0165&nbsp;<a href=\"https:\/\/www.kbs.sk\/pdf\/CIC\/CIC2019.pdf\" data-type=\"URL\" data-id=\"https:\/\/www.kbs.sk\/pdf\/CIC\/CIC2019.pdf\" target=\"_blank\" rel=\"noreferrer noopener\">v k\u00e1nonoch 959-997 K\u00f3dexu k\u00e1nonick\u00e9ho pr\u00e1va<\/a>.&nbsp;Prijatie sviatosti pok\u00e1nia si vy\u017eaduje d\u00f4kladn\u00fa pr\u00edpravu. O sviatosti pok\u00e1nia sa viac dozviete v&nbsp;<a href=\"https:\/\/katechizmus.sk\/\" data-type=\"URL\" data-id=\"https:\/\/katechizmus.sk\/\" target=\"_blank\" rel=\"noreferrer noopener\">Katechizme katol\u00edckej Cirkvi.<\/a><\/p>\n","protected":false},"excerpt":{"rendered":"<p>V na\u0161ej farnosti spoved\u00e1me: Pondelok &#8211; Sobota od 17:00 hod. Po\u010das sv. om\u0161e nespoved\u00e1me. V Prvopiatkovom t\u00fd\u017edni spoved\u00e1me: Pondelok &#8211; Piatok od 16:45. \u201eT\u00ed, \u010do pristupuj\u00fa k sviatosti pok\u00e1nia, dost\u00e1vaj\u00fa&hellip;<\/p>\n","protected":false},"author":1,"featured_media":0,"parent":0,"menu_order":0,"comment_status":"closed","ping_status":"closed","template":"","meta":[],"_links":{"self":[{"href":"https:\/\/www.mtmesto.sk\/index.php?rest_route=\/wp\/v2\/pages\/176"}],"collection":[{"href":"https:\/\/www.mtmesto.sk\/index.php?rest_route=\/wp\/v2\/pages"}],"about":[{"href":"https:\/\/www.mtmesto.sk\/index.php?rest_route=\/wp\/v2\/types\/page"}],"author":[{"embeddable":true,"href":"https:\/\/www.mtmesto.sk\/index.php?rest_route=\/wp\/v2\/users\/1"}],"replies":[{"embeddable":true,"href":"https:\/\/www.mtmesto.sk\/index.php?rest_route=%2Fwp%2Fv2%2Fcomments&post=176"}],"version-history":[{"count":8,"href":"https:\/\/www.mtmesto.sk\/index.php?rest_route=\/wp\/v2\/pages\/176\/revisions"}],"predecessor-version":[{"id":1603,"href":"https:\/\/www.mtmesto.sk\/index.php?rest_route=\/wp\/v2\/pages\/176\/revisions\/1603"}],"wp:attachment":[{"href":"https:\/\/www.mtmesto.sk\/index.php?rest_route=%2Fwp%2Fv2%2Fmedia&parent=176"}],"curies":[{"name":"wp","href":"https:\/\/api.w.org\/{rel}","templated":true}]}}