{"id":173,"date":"2022-05-03T23:10:52","date_gmt":"2022-05-03T21:10:52","guid":{"rendered":"https:\/\/www.mtmesto.sk\/?page_id=173"},"modified":"2022-05-03T23:28:57","modified_gmt":"2022-05-03T21:28:57","slug":"pomazanie-chorych","status":"publish","type":"page","link":"https:\/\/www.mtmesto.sk\/?page_id=173","title":{"rendered":"Pomazanie chor\u00fdch"},"content":{"rendered":"\n<hr class=\"wp-block-separator\"\/>\n\n\n\n<p class=\"has-text-align-center\"><strong><em>Posv\u00e4tn\u00fdm pomazan\u00edm chor\u00fdch a modlitbou k\u0148azov cel\u00e1 Cirkev odpor\u00fa\u010da chor\u00fdch trpiacemu a osl\u00e1ven\u00e9mu P\u00e1novi, aby im u\u013eavil a ich spasil, ba povzbudzuje ich, aby sa dobrovo\u013ene spojili s Kristov\u00fdm utrpen\u00edm a jeho smr\u0165ou, a tak prispeli k dobru Bo\u017eieho \u013eudu.<\/em> (KKC, 1499)<\/strong><\/p>\n\n\n\n<hr class=\"wp-block-separator\"\/>\n\n\n\n<p>Pomazanie chor\u00fdch sa m\u00f4\u017ee udeli\u0165 veriacemu, ktor\u00fd sa v d\u00f4sledku choroby alebo staroby za\u010d\u00edna ocita\u0165 v nebezpe\u010denstve smrti. M\u00f4\u017ee sa opakova\u0165, ak sa chor\u00e9mu zhor\u0161\u00ed zdravotn\u00fd stav.<\/p>\n\n\n\n<p>Pomazanie je vhodn\u00e9 prija\u0165 i v pr\u00edpade odchodu do nemocnice z d\u00f4vodu v\u00e1\u017eneho zdravotn\u00e9ho stavu alebo pri v\u00e1\u017enom lek\u00e1rskom z\u00e1kroku. Treba sa vyhn\u00fa\u0165 ist\u00e9mu strachu, \u017ee ide o \u201erozl\u00fa\u010dku so \u017eivotom\u201c, \u010do navodzoval d\u00e1vnej\u0161\u00ed n\u00e1zov tejto sviatosti \u201eposledn\u00e9 pomazanie\u201c.<\/p>\n","protected":false},"excerpt":{"rendered":"<p>Posv\u00e4tn\u00fdm pomazan\u00edm chor\u00fdch a modlitbou k\u0148azov cel\u00e1 Cirkev odpor\u00fa\u010da chor\u00fdch trpiacemu a osl\u00e1ven\u00e9mu P\u00e1novi, aby im u\u013eavil a ich spasil, ba povzbudzuje ich, aby sa dobrovo\u013ene spojili s Kristov\u00fdm utrpen\u00edm&hellip;<\/p>\n","protected":false},"author":1,"featured_media":0,"parent":0,"menu_order":0,"comment_status":"closed","ping_status":"closed","template":"","meta":[],"_links":{"self":[{"href":"https:\/\/www.mtmesto.sk\/index.php?rest_route=\/wp\/v2\/pages\/173"}],"collection":[{"href":"https:\/\/www.mtmesto.sk\/index.php?rest_route=\/wp\/v2\/pages"}],"about":[{"href":"https:\/\/www.mtmesto.sk\/index.php?rest_route=\/wp\/v2\/types\/page"}],"author":[{"embeddable":true,"href":"https:\/\/www.mtmesto.sk\/index.php?rest_route=\/wp\/v2\/users\/1"}],"replies":[{"embeddable":true,"href":"https:\/\/www.mtmesto.sk\/index.php?rest_route=%2Fwp%2Fv2%2Fcomments&post=173"}],"version-history":[{"count":3,"href":"https:\/\/www.mtmesto.sk\/index.php?rest_route=\/wp\/v2\/pages\/173\/revisions"}],"predecessor-version":[{"id":191,"href":"https:\/\/www.mtmesto.sk\/index.php?rest_route=\/wp\/v2\/pages\/173\/revisions\/191"}],"wp:attachment":[{"href":"https:\/\/www.mtmesto.sk\/index.php?rest_route=%2Fwp%2Fv2%2Fmedia&parent=173"}],"curies":[{"name":"wp","href":"https:\/\/api.w.org\/{rel}","templated":true}]}}