{"id":170,"date":"2022-05-03T23:08:55","date_gmt":"2022-05-03T21:08:55","guid":{"rendered":"https:\/\/www.mtmesto.sk\/?page_id=170"},"modified":"2026-03-13T11:47:55","modified_gmt":"2026-03-13T10:47:55","slug":"sobas","status":"publish","type":"page","link":"https:\/\/www.mtmesto.sk\/?page_id=170","title":{"rendered":"Sob\u00e1\u0161"},"content":{"rendered":"\n<hr class=\"wp-block-separator\"\/>\n\n\n\n<p class=\"has-text-align-center\"><strong><em>\u201eMan\u017eelsk\u00fa zmluvu, ktorou mu\u017e a \u017eena vytv\u00e1raj\u00fa medzi sebou celo\u017eivotn\u00e9 spolo\u010denstvo, zameran\u00e9 svojou prirodzenou povahou na dobro man\u017eelov a na plodenie a v\u00fdchovu det\u00ed, pov\u00fd\u0161il Kristus P\u00e1n medzi pokrsten\u00fdmi na hodnos\u0165 sviatosti.\u201c<\/em>&nbsp;(KKC 1601)<\/strong><\/p>\n\n\n\n<hr class=\"wp-block-separator\"\/>\n\n\n\n<p>D\u00f4le\u017eit\u00e9 inform\u00e1cie o podmienkach sl\u00e1venia krstu je mo\u017en\u00e9 dozvedie\u0165 sa&nbsp;<a href=\"https:\/\/www.kbs.sk\/pdf\/CIC\/CIC2019.pdf\" data-type=\"URL\" data-id=\"https:\/\/www.kbs.sk\/pdf\/CIC\/CIC2019.pdf\">v k\u00e1nonoch 1055-1165 K\u00f3dexu k\u00e1nonick\u00e9ho pr\u00e1va<\/a>.<\/p>\n\n\n\n<hr class=\"wp-block-separator\"\/>\n\n\n\n<p>O\u00a0Va\u0161om \u00famysle uzavrie\u0165 man\u017eelstvo n\u00e1s pr\u00ed\u010fte informova\u0165 \u010d\u00edm sk\u00f4r,\u00a0<strong><u>najmenej tri mesiace vopred<\/u><\/strong>. V mnoh\u00fdch pr\u00edpadoch toti\u017e treba vybavi\u0165 viacero formal\u00edt, \u010do si m\u00f4\u017ee vy\u017eadova\u0165 dlh\u0161\u00ed \u010das. V tomto \u010dase je tie\u017e nevyhnutn\u00e9 absolvova\u0165 <strong>kurz pr\u00edpravy na man\u017eelstvo<\/strong>. Viac inform\u00e1ci\u00ed o \u0148om n\u00e1jdete <a href=\"https:\/\/www.mtmesto.sk\/?page_id=1486\" data-type=\"URL\" data-id=\"https:\/\/www.mtmesto.sk\/?page_id=1486\">tu<\/a><a rel=\"noreferrer noopener\" href=\"https:\/\/www.mtmesto.sk\/?page_id=1486\" data-type=\"URL\" data-id=\"https:\/\/www.mtmesto.sk\/?page_id=1486\" target=\"_blank\">.<\/a><\/p>\n\n\n\n<p>Na matri\u010dnom \u00farade treba vyp\u00edsa\u0165&nbsp;<em>\u201e\u017diados\u0165 o&nbsp;uzavretie man\u017eelstva\u201c<\/em>. Na matriku cho\u010fte&nbsp;<em>spolo\u010dne<\/em>&nbsp;a&nbsp;zoberte si so sebou&nbsp;<strong>ob\u010diansky preukaz<\/strong>&nbsp;a&nbsp;<strong>rodn\u00fd list<\/strong>. V&nbsp;pr\u00edpade, \u017ee uzatv\u00e1rate man\u017eelstvo s&nbsp;cudz\u00edm \u0161t\u00e1tnym pr\u00edslu\u0161n\u00edkom, Va\u0161a \u017eiados\u0165 mus\u00ed by\u0165 podan\u00e1 na matrike najmenej&nbsp;<strong>dva t\u00fd\u017edne pred term\u00ednom sob\u00e1\u0161a.<\/strong><\/p>\n\n\n\n<p>Potom sp\u00ed\u0161eme cirkevn\u00fa sob\u00e1\u0161nu z\u00e1pisnicu na&nbsp;<strong><em><u>farskom \u00farade<\/u><\/em><\/strong>. V&nbsp;pr\u00edpade, \u017ee ste boli pokrsten\u00ed v&nbsp;inej farnosti, budete potrebova\u0165 svoj&nbsp;<strong>krstn\u00fd list<\/strong>, ktor\u00fd v&nbsp;okamihu sob\u00e1\u0161a nesmie by\u0165 star\u0161\u00ed ako&nbsp;<em>tri mesiace<\/em>.<\/p>\n\n\n\n<p>V&nbsp;pr\u00edpade, \u017ee ani jeden zo sn\u00fabencov neb\u00fdva v&nbsp;na\u0161ej farnosti,&nbsp; treba, aby si jeden zo sn\u00fabencov vyp\u00fdtal od svojho far\u00e1ra&nbsp;<strong>licenciu na sob\u00e1\u0161<\/strong>. Ak to bude potrebn\u00e9, tla\u010divo na licenciu V\u00e1m poskytneme na farskom \u00farade. V&nbsp;pr\u00edpade mie\u0161an\u00e9ho man\u017eelstva si licenciu p\u00fdta na svojom farskom \u00farade katol\u00edcka str\u00e1nka.<\/p>\n\n\n\n<p>Z\u00e1rove\u0148 porozm\u00fd\u0161\u013eajte o&nbsp;tom, koho si zavol\u00e1te ako svedkov pri uzatv\u00e1ran\u00ed man\u017eelstva. \u010c\u00edm sk\u00f4r si zo\u017ee\u0148te o&nbsp;svedkoch nasleduj\u00face \u00fadaje: meno a&nbsp;priezvisko, presn\u00fa adresu a&nbsp;rodn\u00e9 \u010d\u00edslo. V&nbsp;pr\u00edpade, \u017ee svedok je cudz\u00ed \u0161t\u00e1tny pr\u00edslu\u0161n\u00edk, namiesto rodn\u00e9ho \u010d\u00edsla uve\u010fte d\u00e1tum narodenia.<\/p>\n","protected":false},"excerpt":{"rendered":"<p>\u201eMan\u017eelsk\u00fa zmluvu, ktorou mu\u017e a \u017eena vytv\u00e1raj\u00fa medzi sebou celo\u017eivotn\u00e9 spolo\u010denstvo, zameran\u00e9 svojou prirodzenou povahou na dobro man\u017eelov a na plodenie a v\u00fdchovu det\u00ed, pov\u00fd\u0161il Kristus P\u00e1n medzi pokrsten\u00fdmi na&hellip;<\/p>\n","protected":false},"author":1,"featured_media":0,"parent":0,"menu_order":0,"comment_status":"closed","ping_status":"closed","template":"","meta":[],"_links":{"self":[{"href":"https:\/\/www.mtmesto.sk\/index.php?rest_route=\/wp\/v2\/pages\/170"}],"collection":[{"href":"https:\/\/www.mtmesto.sk\/index.php?rest_route=\/wp\/v2\/pages"}],"about":[{"href":"https:\/\/www.mtmesto.sk\/index.php?rest_route=\/wp\/v2\/types\/page"}],"author":[{"embeddable":true,"href":"https:\/\/www.mtmesto.sk\/index.php?rest_route=\/wp\/v2\/users\/1"}],"replies":[{"embeddable":true,"href":"https:\/\/www.mtmesto.sk\/index.php?rest_route=%2Fwp%2Fv2%2Fcomments&post=170"}],"version-history":[{"count":7,"href":"https:\/\/www.mtmesto.sk\/index.php?rest_route=\/wp\/v2\/pages\/170\/revisions"}],"predecessor-version":[{"id":2731,"href":"https:\/\/www.mtmesto.sk\/index.php?rest_route=\/wp\/v2\/pages\/170\/revisions\/2731"}],"wp:attachment":[{"href":"https:\/\/www.mtmesto.sk\/index.php?rest_route=%2Fwp%2Fv2%2Fmedia&parent=170"}],"curies":[{"name":"wp","href":"https:\/\/api.w.org\/{rel}","templated":true}]}}