{"id":160,"date":"2022-05-03T18:12:39","date_gmt":"2022-05-03T16:12:39","guid":{"rendered":"https:\/\/www.mtmesto.sk\/?page_id=160"},"modified":"2026-03-06T11:01:44","modified_gmt":"2026-03-06T10:01:44","slug":"krst","status":"publish","type":"page","link":"https:\/\/www.mtmesto.sk\/?page_id=160","title":{"rendered":"Krst"},"content":{"rendered":"\n<p>V na\u0161ej farnosti krst\u00edme v\u017edy druh\u00fa sobotu mesiaca, pokia\u013e n\u00e1m to pastora\u010dn\u00e9 povinnosti dovolia. <\/p>\n\n\n\n<p>Term\u00edny najbli\u017e\u0161\u00edch krstov <strong>14. marca<\/strong>, <strong>11. apr\u00edla<\/strong>, <strong>16. m\u00e1ja, <\/strong> <strong>6.<\/strong> <strong>j\u00fana<\/strong>, <strong>11. j\u00fala, 8. augusta<\/strong><\/p>\n\n\n\n<p>Krsty b\u00fdvaj\u00fa o 10:00 hod. Treba pr\u00eds\u0165 aspo\u0148 10. min. predt\u00fdm do kostola a obsadi\u0165 miesta vpredu.<\/p>\n\n\n\n<p>Ohl\u00e1si\u0165 krst treba pr\u00eds\u0165 v <a href=\"https:\/\/www.mtmesto.sk\/?page_id=192\" data-type=\"URL\" data-id=\"https:\/\/www.mtmesto.sk\/?page_id=192\">\u00faradn\u00fdch hodin\u00e1ch<\/a> osobne na faru, kde sa vyp\u00ed\u0161e \u017eiados\u0165 o krst. Je potrebn\u00e9 so sebou prinies\u0165 k\u00f3piu rodn\u00e9ho listu die\u0165atka. Na tomto stretnut\u00ed sa dohodne aj term\u00edn krstnej n\u00e1uky.<\/p>\n\n\n\n<p>Na krst je potrebn\u00e9 donies\u0165 krstn\u00fa ko\u0161ie\u013eku a krstn\u00fa sviecu. <\/p>\n\n\n\n<hr class=\"wp-block-separator\"\/>\n\n\n\n<p class=\"has-text-align-center\"><strong>Sv\u00e4t\u00fd krst je z\u00e1kladom cel\u00e9ho kres\u0165ansk\u00e9ho \u017eivota, vstupnou br\u00e1nou do \u017eivota v Duchu, ako aj br\u00e1nou, ktor\u00e1 otv\u00e1ra pr\u00edstup k ostatn\u00fdm sviatostiam. Krstom sme osloboden\u00ed od hriechu a znovuzroden\u00ed ako Bo\u017eie deti, st\u00e1vame sa Kristov\u00fdmi \u00fadmi, sme za\u010dlenen\u00ed do Cirkvi a dost\u00e1vame \u00fa\u010das\u0165 na jej poslan\u00ed. (KKC 1213)<\/strong><\/p>\n\n\n\n<hr class=\"wp-block-separator\"\/>\n\n\n\n<p>D\u00f4le\u017eit\u00e9 inform\u00e1cie o podmienkach sl\u00e1venia krstu je mo\u017en\u00e9 dozvedie\u0165 sa&nbsp;<a rel=\"noreferrer noopener\" href=\"https:\/\/www.kbs.sk\/pdf\/CIC\/CIC2019.pdf\" target=\"_blank\">v k\u00e1nonoch 849-879 K\u00f3dexu k\u00e1nonick\u00e9ho pr\u00e1va<\/a>.<\/p>\n\n\n\n<hr class=\"wp-block-separator\"\/>\n\n\n\n<h2>Podmienky krstu die\u0165a\u0165a<\/h2>\n\n\n\n<p>K\u00e1n. 867 \u2013 \u00a7 1. Rodi\u010dia s\u00fa povinn\u00ed postara\u0165 sa, aby deti boli pokrsten\u00e9 v prv\u00fdch t\u00fd\u017ed\u0148och; \u010d\u00edm sk\u00f4r po naroden\u00ed, ba e\u0161te predt\u00fdm sa maj\u00fa obr\u00e1ti\u0165 na far\u00e1ra, aby po\u017eiadali o sviatos\u0165 pre die\u0165a a aby sa na \u0148u n\u00e1le\u017eite pripravili.<\/p>\n\n\n\n<p>\u00a7 2. Ak sa die\u0165a nach\u00e1dza v nebezpe\u010denstve smrti, m\u00e1 sa bezodkladne pokrsti\u0165.<br>K\u00e1n. 868 \u2013 \u00a7 1. Aby sa die\u0165a dovolene pokrstilo, sa vy\u017eaduje:<\/p>\n\n\n\n<ol><li>aby rodi\u010dia, aspo\u0148 jeden z nich alebo kto ich z\u00e1konne zastupuje, s\u00fahlasili;<\/li><li>aby bola opodstatnen\u00e1 n\u00e1dej, \u017ee bude vychov\u00e1van\u00e9 v katol\u00edckom n\u00e1bo\u017eenstve; ak tak\u00e1 n\u00e1dej \u00faplne ch\u00fdba, m\u00e1 sa krst pod\u013ea predpisov partikul\u00e1rneho pr\u00e1va odlo\u017ei\u0165, pri\u010dom sa rodi\u010dom vysvetl\u00ed d\u00f4vod.<\/li><\/ol>\n\n\n\n<p>\u00a7 2. Die\u0165a katol\u00edckych, ba aj nekatol\u00edckych rodi\u010dov sa v nebezpe\u010denstve smrti dovolene krst\u00ed aj proti v\u00f4li rodi\u010dov.<\/p>\n\n\n\n<p><\/p>\n\n\n\n<p><strong>Po\u017eiadavky na krstn\u00e9ho rodi\u010da pod\u013ea K\u00f3dexu kanonick\u00e9ho pr\u00e1va (KKP, k\u00e1n. 874).&nbsp;<\/strong><\/p>\n\n\n\n<p><br>\u00a7 1. Aby niekto bol pripusten\u00fd na prijatie \u00falohy krstn\u00e9ho rodi\u010da, je potrebn\u00e9:<\/p>\n\n\n\n<ol><li>aby ho ur\u010dil s\u00e1m krstenec alebo jeho rodi\u010dia, alebo ich z\u00e1stupca, alebo ak t\u00edto ch\u00fdbaj\u00fa, far\u00e1r alebo vysluhovate\u013e, a aby bol schopn\u00fd a mal \u00famysel plni\u0165 t\u00fato \u00falohu;<\/li><li>aby zav\u0155\u0161il \u0161estn\u00e1sty rok \u017eivota, ak diec\u00e9zny biskup nestanovil in\u00fd vek alebo ak sa far\u00e1r alebo vysluhovate\u013e domnievaj\u00fa, \u017ee z opr\u00e1vnen\u00e9ho d\u00f4vodu treba pripusti\u0165 v\u00fdnimku;<\/li><li>aby bol katol\u00edk, pobirmovan\u00fd a ktor\u00fd u\u017e prijal najsv\u00e4tej\u0161iu Eucharistiu, a viedol \u017eivot primeran\u00fd viere a \u00falohe, ktor\u00fa m\u00e1 prija\u0165;<\/li><li>aby nebol postihnut\u00fd nijak\u00fdm k\u00e1nonick\u00fdm trestom, z\u00e1konne ulo\u017een\u00fdm alebo vyhl\u00e1sen\u00fdm;<\/li><li>aby nebol otcom alebo matkou krstenca.<\/li><\/ol>\n\n\n\n<p>\u00a7 2. Pokrsten\u00fd, ktor\u00fd patr\u00ed do nekatol\u00edckej eklezi\u00e1lnej spolo\u010dnosti, sa m\u00e1 pripusti\u0165 jedine spolu s katol\u00edckym krstn\u00fdm rodi\u010dom, a to iba ako svedok krstu.<\/p>\n\n\n\n<p>Pred krstom odpor\u00fa\u010dame rodi\u010dom aj krstn\u00fdm rodi\u010dom prija\u0165 sviatos\u0165 zmierenia. Ak rodi\u010dia die\u0165a\u0165a nie s\u00fa sviatostne sob\u00e1\u0161en\u00ed, nem\u00f4\u017eu prist\u00fapi\u0165 k&nbsp;sv. spovedi, ale ochotne im vyjdeme v&nbsp;\u00fastrety, ak je mo\u017en\u00e1 n\u00e1prava ich man\u017eelstva.<\/p>\n\n\n\n<hr class=\"wp-block-separator\"\/>\n\n\n\n<h2>Krst dospel\u00e9ho<\/h2>\n\n\n\n<p>V pr\u00edpade krstu dospel\u00e9ho je potrebn\u00e9 absolvova\u0165 tzv. katechumen\u00e1t, ktor\u00fd sa za\u010d\u00edna v\u017edy po Ve\u013ekej noci a je potrebn\u00e9 sa nahl\u00e1si\u0165 na farskom \u00farade. Po\u010das katechumen\u00e1tu s\u00fa kandid\u00e1tovi na krst vysvetlen\u00e9 pravdy viery a mor\u00e1lky, sviatostn\u00e9ho kres\u0165ansk\u00e9ho \u017eivota. Term\u00edn stretnut\u00ed e\u0161te nie je dohodnut\u00fd.<\/p>\n","protected":false},"excerpt":{"rendered":"<p>V na\u0161ej farnosti krst\u00edme v\u017edy druh\u00fa sobotu mesiaca, pokia\u013e n\u00e1m to pastora\u010dn\u00e9 povinnosti dovolia. Term\u00edny najbli\u017e\u0161\u00edch krstov 14. marca, 11. apr\u00edla, 16. m\u00e1ja, 6. j\u00fana, 11. j\u00fala, 8. augusta Krsty&hellip;<\/p>\n","protected":false},"author":1,"featured_media":0,"parent":0,"menu_order":0,"comment_status":"closed","ping_status":"closed","template":"","meta":[],"_links":{"self":[{"href":"https:\/\/www.mtmesto.sk\/index.php?rest_route=\/wp\/v2\/pages\/160"}],"collection":[{"href":"https:\/\/www.mtmesto.sk\/index.php?rest_route=\/wp\/v2\/pages"}],"about":[{"href":"https:\/\/www.mtmesto.sk\/index.php?rest_route=\/wp\/v2\/types\/page"}],"author":[{"embeddable":true,"href":"https:\/\/www.mtmesto.sk\/index.php?rest_route=\/wp\/v2\/users\/1"}],"replies":[{"embeddable":true,"href":"https:\/\/www.mtmesto.sk\/index.php?rest_route=%2Fwp%2Fv2%2Fcomments&post=160"}],"version-history":[{"count":62,"href":"https:\/\/www.mtmesto.sk\/index.php?rest_route=\/wp\/v2\/pages\/160\/revisions"}],"predecessor-version":[{"id":2722,"href":"https:\/\/www.mtmesto.sk\/index.php?rest_route=\/wp\/v2\/pages\/160\/revisions\/2722"}],"wp:attachment":[{"href":"https:\/\/www.mtmesto.sk\/index.php?rest_route=%2Fwp%2Fv2%2Fmedia&parent=160"}],"curies":[{"name":"wp","href":"https:\/\/api.w.org\/{rel}","templated":true}]}}