{"id":1523,"date":"2024-01-16T07:00:56","date_gmt":"2024-01-16T06:00:56","guid":{"rendered":"https:\/\/www.mtmesto.sk\/?page_id=1523"},"modified":"2024-03-03T17:26:02","modified_gmt":"2024-03-03T16:26:02","slug":"ludove-misie","status":"publish","type":"page","link":"https:\/\/www.mtmesto.sk\/?page_id=1523","title":{"rendered":"\u013dudov\u00e9 misie"},"content":{"rendered":"\n<p>Na z\u00e1ver sa chceme ve\u013emi pekne po\u010fakova\u0165 p\u00e1trom verbistom a\u00a0reho\u013en\u00fdm sestr\u00e1m za cel\u00fd po\u017eehnan\u00fd t\u00fd\u017ede\u0148 farsk\u00fdch \u013eudov\u00fdch misi\u00ed. Ver\u00edme, \u017ee to bol milostiv\u00fd \u010das pre n\u00e1s v\u0161etk\u00fdch a\u00a0d\u00f4le\u017eit\u00e9 je pokra\u010dova\u0165 v\u00a0tom, k\u00a0\u010domu sme boli po\u010das misi\u00ed povzbuden\u00ed. Predov\u0161etk\u00fdm st\u00e1le viac vylep\u0161ova\u0165 n\u00e1\u0161 vz\u0165ah k\u00a0Nebesk\u00e9mu Otcovi a\u00a0k\u00a0bl\u00ed\u017enym, \u010do je zmyslom hlavn\u00e9ho prik\u00e1zania l\u00e1sky. \u010eakujeme v\u0161etk\u00fdm, ktor\u00ed sa ak\u00fdmko\u013evek sp\u00f4sobom pri\u010dinili o\u00a0d\u00f4stojn\u00fd priebeh misi\u00ed.<\/p>\n","protected":false},"excerpt":{"rendered":"<p>Na z\u00e1ver sa chceme ve\u013emi pekne po\u010fakova\u0165 p\u00e1trom verbistom a\u00a0reho\u013en\u00fdm sestr\u00e1m za cel\u00fd po\u017eehnan\u00fd t\u00fd\u017ede\u0148 farsk\u00fdch \u013eudov\u00fdch misi\u00ed. Ver\u00edme, \u017ee to bol milostiv\u00fd \u010das pre n\u00e1s v\u0161etk\u00fdch a\u00a0d\u00f4le\u017eit\u00e9 je pokra\u010dova\u0165&hellip;<\/p>\n","protected":false},"author":1,"featured_media":0,"parent":0,"menu_order":0,"comment_status":"closed","ping_status":"closed","template":"","meta":[],"_links":{"self":[{"href":"https:\/\/www.mtmesto.sk\/index.php?rest_route=\/wp\/v2\/pages\/1523"}],"collection":[{"href":"https:\/\/www.mtmesto.sk\/index.php?rest_route=\/wp\/v2\/pages"}],"about":[{"href":"https:\/\/www.mtmesto.sk\/index.php?rest_route=\/wp\/v2\/types\/page"}],"author":[{"embeddable":true,"href":"https:\/\/www.mtmesto.sk\/index.php?rest_route=\/wp\/v2\/users\/1"}],"replies":[{"embeddable":true,"href":"https:\/\/www.mtmesto.sk\/index.php?rest_route=%2Fwp%2Fv2%2Fcomments&post=1523"}],"version-history":[{"count":2,"href":"https:\/\/www.mtmesto.sk\/index.php?rest_route=\/wp\/v2\/pages\/1523\/revisions"}],"predecessor-version":[{"id":1659,"href":"https:\/\/www.mtmesto.sk\/index.php?rest_route=\/wp\/v2\/pages\/1523\/revisions\/1659"}],"wp:attachment":[{"href":"https:\/\/www.mtmesto.sk\/index.php?rest_route=%2Fwp%2Fv2%2Fmedia&parent=1523"}],"curies":[{"name":"wp","href":"https:\/\/api.w.org\/{rel}","templated":true}]}}