{"id":1500,"date":"2024-01-16T06:56:34","date_gmt":"2024-01-16T05:56:34","guid":{"rendered":"https:\/\/www.mtmesto.sk\/?page_id=1500"},"modified":"2024-03-03T17:19:21","modified_gmt":"2024-03-03T16:19:21","slug":"misijne-temy","status":"publish","type":"page","link":"https:\/\/www.mtmesto.sk\/?page_id=1500","title":{"rendered":"Misijn\u00e9 t\u00e9my"},"content":{"rendered":"\n<p>Tu si m\u00f4\u017eete stiahnu\u0165 texty, ktor\u00e9 sl\u00fa\u017eia ako pom\u00f4cka pre zopakovanie si t\u00e9m, ktor\u00e9 odznej\u00fa po\u010das misi\u00ed v na\u0161ej farnosti (25. 02.  &#8211; 03. 03. 2024):<\/p>\n\n\n\n<hr class=\"wp-block-separator\"\/>\n\n\n\n<div class=\"wp-block-file\"><a href=\"https:\/\/www.mtmesto.sk\/wp-content\/uploads\/2024\/01\/1.-Boh-ma-miluje-1.doc\">1.-Boh-ma-miluje-1<\/a><a href=\"https:\/\/www.mtmesto.sk\/wp-content\/uploads\/2024\/01\/1.-Boh-ma-miluje-1.doc\" class=\"wp-block-file__button\" download>Stiahnu\u0165<\/a><\/div>\n\n\n\n<hr class=\"wp-block-separator\"\/>\n\n\n\n<div class=\"wp-block-file\"><a href=\"https:\/\/www.mtmesto.sk\/wp-content\/uploads\/2024\/01\/2.-Hriech.doc\">2.-Hriech<\/a><a href=\"https:\/\/www.mtmesto.sk\/wp-content\/uploads\/2024\/01\/2.-Hriech.doc\" class=\"wp-block-file__button\" download>Stiahnu\u0165<\/a><\/div>\n\n\n\n<hr class=\"wp-block-separator\"\/>\n\n\n\n<div class=\"wp-block-file\"><a href=\"https:\/\/www.mtmesto.sk\/wp-content\/uploads\/2024\/01\/3.-7-hlavnych-hriechov.doc\">3.-7-hlavnych-hriechov<\/a><a href=\"https:\/\/www.mtmesto.sk\/wp-content\/uploads\/2024\/01\/3.-7-hlavnych-hriechov.doc\" class=\"wp-block-file__button\" download>Stiahnu\u0165<\/a><\/div>\n\n\n\n<hr class=\"wp-block-separator\"\/>\n\n\n\n<div class=\"wp-block-file\"><a href=\"https:\/\/www.mtmesto.sk\/wp-content\/uploads\/2024\/01\/4.-Odpustenie.doc\">4.-Odpustenie<\/a><a href=\"https:\/\/www.mtmesto.sk\/wp-content\/uploads\/2024\/01\/4.-Odpustenie.doc\" class=\"wp-block-file__button\" download>Stiahnu\u0165<\/a><\/div>\n\n\n\n<hr class=\"wp-block-separator\"\/>\n\n\n\n<div class=\"wp-block-file\"><a href=\"https:\/\/www.mtmesto.sk\/wp-content\/uploads\/2024\/01\/5.-Sviatost-zmierenia.doc\">5.-Sviatost-zmierenia<\/a><a href=\"https:\/\/www.mtmesto.sk\/wp-content\/uploads\/2024\/01\/5.-Sviatost-zmierenia.doc\" class=\"wp-block-file__button\" download>Stiahnu\u0165<\/a><\/div>\n\n\n\n<hr class=\"wp-block-separator\"\/>\n\n\n\n<div class=\"wp-block-file\"><a href=\"https:\/\/www.mtmesto.sk\/wp-content\/uploads\/2024\/01\/6.-Jezis-Kristus.doc\">6.-Jezis-Kristus<\/a><a href=\"https:\/\/www.mtmesto.sk\/wp-content\/uploads\/2024\/01\/6.-Jezis-Kristus.doc\" class=\"wp-block-file__button\" download>Stiahnu\u0165<\/a><\/div>\n\n\n\n<hr class=\"wp-block-separator\"\/>\n\n\n\n<div class=\"wp-block-file\"><a href=\"https:\/\/www.mtmesto.sk\/wp-content\/uploads\/2024\/01\/7.-Cirkev.doc\">7.-Cirkev<\/a><a href=\"https:\/\/www.mtmesto.sk\/wp-content\/uploads\/2024\/01\/7.-Cirkev.doc\" class=\"wp-block-file__button\" download>Stiahnu\u0165<\/a><\/div>\n\n\n\n<hr class=\"wp-block-separator\"\/>\n\n\n\n<div class=\"wp-block-file\"><a href=\"https:\/\/www.mtmesto.sk\/wp-content\/uploads\/2024\/01\/8.-Viera.doc\">8.-Viera<\/a><a href=\"https:\/\/www.mtmesto.sk\/wp-content\/uploads\/2024\/01\/8.-Viera.doc\" class=\"wp-block-file__button\" download>Stiahnu\u0165<\/a><\/div>\n\n\n\n<hr class=\"wp-block-separator\"\/>\n\n\n\n<div class=\"wp-block-file\"><a href=\"https:\/\/www.mtmesto.sk\/wp-content\/uploads\/2024\/01\/9.-Krst.doc\">9.-Krst<\/a><a href=\"https:\/\/www.mtmesto.sk\/wp-content\/uploads\/2024\/01\/9.-Krst.doc\" class=\"wp-block-file__button\" download>Stiahnu\u0165<\/a><\/div>\n\n\n\n<hr class=\"wp-block-separator\"\/>\n\n\n\n<div class=\"wp-block-file\"><a href=\"https:\/\/www.mtmesto.sk\/wp-content\/uploads\/2024\/01\/10.-Eucharistia.doc\">10.-Eucharistia<\/a><a href=\"https:\/\/www.mtmesto.sk\/wp-content\/uploads\/2024\/01\/10.-Eucharistia.doc\" class=\"wp-block-file__button\" download>Stiahnu\u0165<\/a><\/div>\n\n\n\n<hr class=\"wp-block-separator\"\/>\n\n\n\n<div class=\"wp-block-file\"><a href=\"https:\/\/www.mtmesto.sk\/wp-content\/uploads\/2024\/01\/11.-Utrpenie.doc\">11.-Utrpenie<\/a><a href=\"https:\/\/www.mtmesto.sk\/wp-content\/uploads\/2024\/01\/11.-Utrpenie.doc\" class=\"wp-block-file__button\" download>Stiahnu\u0165<\/a><\/div>\n\n\n\n<hr class=\"wp-block-separator\"\/>\n\n\n\n<div class=\"wp-block-file\"><a href=\"https:\/\/www.mtmesto.sk\/wp-content\/uploads\/2024\/01\/12.-Panna-Maria.doc\">12.-Panna-Maria<\/a><a href=\"https:\/\/www.mtmesto.sk\/wp-content\/uploads\/2024\/01\/12.-Panna-Maria.doc\" class=\"wp-block-file__button\" download>Stiahnu\u0165<\/a><\/div>\n\n\n\n<hr class=\"wp-block-separator\"\/>\n\n\n\n<div class=\"wp-block-file\"><a href=\"https:\/\/www.mtmesto.sk\/wp-content\/uploads\/2024\/01\/13.-Rodina.doc\">13.-Rodina<\/a><a href=\"https:\/\/www.mtmesto.sk\/wp-content\/uploads\/2024\/01\/13.-Rodina.doc\" class=\"wp-block-file__button\" download>Stiahnu\u0165<\/a><\/div>\n\n\n\n<hr class=\"wp-block-separator\"\/>\n\n\n\n<div class=\"wp-block-file\"><a href=\"https:\/\/www.mtmesto.sk\/wp-content\/uploads\/2024\/01\/14.-Modlitba.doc\">14.-Modlitba<\/a><a href=\"https:\/\/www.mtmesto.sk\/wp-content\/uploads\/2024\/01\/14.-Modlitba.doc\" class=\"wp-block-file__button\" download>Stiahnu\u0165<\/a><\/div>\n","protected":false},"excerpt":{"rendered":"<p>Tu si m\u00f4\u017eete stiahnu\u0165 texty, ktor\u00e9 sl\u00fa\u017eia ako pom\u00f4cka pre zopakovanie si t\u00e9m, ktor\u00e9 odznej\u00fa po\u010das misi\u00ed v na\u0161ej farnosti (25. 02. &#8211; 03. 03. 2024):<\/p>\n","protected":false},"author":1,"featured_media":0,"parent":0,"menu_order":0,"comment_status":"closed","ping_status":"closed","template":"","meta":[],"_links":{"self":[{"href":"https:\/\/www.mtmesto.sk\/index.php?rest_route=\/wp\/v2\/pages\/1500"}],"collection":[{"href":"https:\/\/www.mtmesto.sk\/index.php?rest_route=\/wp\/v2\/pages"}],"about":[{"href":"https:\/\/www.mtmesto.sk\/index.php?rest_route=\/wp\/v2\/types\/page"}],"author":[{"embeddable":true,"href":"https:\/\/www.mtmesto.sk\/index.php?rest_route=\/wp\/v2\/users\/1"}],"replies":[{"embeddable":true,"href":"https:\/\/www.mtmesto.sk\/index.php?rest_route=%2Fwp%2Fv2%2Fcomments&post=1500"}],"version-history":[{"count":3,"href":"https:\/\/www.mtmesto.sk\/index.php?rest_route=\/wp\/v2\/pages\/1500\/revisions"}],"predecessor-version":[{"id":1518,"href":"https:\/\/www.mtmesto.sk\/index.php?rest_route=\/wp\/v2\/pages\/1500\/revisions\/1518"}],"wp:attachment":[{"href":"https:\/\/www.mtmesto.sk\/index.php?rest_route=%2Fwp%2Fv2%2Fmedia&parent=1500"}],"curies":[{"name":"wp","href":"https:\/\/api.w.org\/{rel}","templated":true}]}}