{"id":1386,"date":"2024-01-06T16:05:55","date_gmt":"2024-01-06T15:05:55","guid":{"rendered":"https:\/\/www.mtmesto.sk\/?page_id=1386"},"modified":"2024-01-06T16:05:55","modified_gmt":"2024-01-06T15:05:55","slug":"prednaska-rogerio-gomes-milujes-5-tipov-lasky","status":"publish","type":"page","link":"https:\/\/www.mtmesto.sk\/?page_id=1386","title":{"rendered":"Predn\u00e1\u0161ka: Rogerio Gomes &#8211; Miluje\u0161? (5 tipov l\u00e1sky)"},"content":{"rendered":"\n<figure class=\"wp-block-embed aligncenter is-type-video is-provider-youtube wp-block-embed-youtube wp-embed-aspect-16-9 wp-has-aspect-ratio\"><div class=\"wp-block-embed__wrapper\">\n<iframe loading=\"lazy\" title=\"PREDN\u00c1\u0160KA: Rogerio Gomes- Miluje\u0161? (5 tipov l\u00e1sky)\" width=\"560\" height=\"315\" src=\"https:\/\/www.youtube.com\/embed\/A-ZHTxR8ItM?feature=oembed\" frameborder=\"0\" allow=\"accelerometer; autoplay; clipboard-write; encrypted-media; gyroscope; picture-in-picture; web-share\" allowfullscreen><\/iframe>\n<\/div><figcaption> Prin\u00e1\u0161ame V\u00e1m z\u00e1znam predn\u00e1\u0161ky na t\u00e9mu: Miluje\u0161? <\/figcaption><\/figure>\n","protected":false},"excerpt":{"rendered":"","protected":false},"author":1,"featured_media":0,"parent":0,"menu_order":0,"comment_status":"closed","ping_status":"closed","template":"","meta":[],"_links":{"self":[{"href":"https:\/\/www.mtmesto.sk\/index.php?rest_route=\/wp\/v2\/pages\/1386"}],"collection":[{"href":"https:\/\/www.mtmesto.sk\/index.php?rest_route=\/wp\/v2\/pages"}],"about":[{"href":"https:\/\/www.mtmesto.sk\/index.php?rest_route=\/wp\/v2\/types\/page"}],"author":[{"embeddable":true,"href":"https:\/\/www.mtmesto.sk\/index.php?rest_route=\/wp\/v2\/users\/1"}],"replies":[{"embeddable":true,"href":"https:\/\/www.mtmesto.sk\/index.php?rest_route=%2Fwp%2Fv2%2Fcomments&post=1386"}],"version-history":[{"count":1,"href":"https:\/\/www.mtmesto.sk\/index.php?rest_route=\/wp\/v2\/pages\/1386\/revisions"}],"predecessor-version":[{"id":1388,"href":"https:\/\/www.mtmesto.sk\/index.php?rest_route=\/wp\/v2\/pages\/1386\/revisions\/1388"}],"wp:attachment":[{"href":"https:\/\/www.mtmesto.sk\/index.php?rest_route=%2Fwp%2Fv2%2Fmedia&parent=1386"}],"curies":[{"name":"wp","href":"https:\/\/api.w.org\/{rel}","templated":true}]}}